{"id":65,"date":"2026-02-13T18:24:53","date_gmt":"2026-02-13T18:24:53","guid":{"rendered":"https:\/\/alpeh.fr\/?page_id=65"},"modified":"2026-04-20T17:43:22","modified_gmt":"2026-04-20T15:43:22","slug":"les-representants-des-parents","status":"publish","type":"page","link":"https:\/\/alpeh.fr\/index.php\/les-representants-des-parents\/","title":{"rendered":"Repr\u00e9sentants"},"content":{"rendered":"\n<div class=\"alpeh-box home-wide\">\n<h2>Les repr\u00e9sentants de parents<\/h2>\n<br>\nLes repr\u00e9sentants de parents d\u2019\u00e9l\u00e8ves \u00e9lus si\u00e8gent aux conseils d\u2019\u00e9cole. Ils relayent les questions et remarques des familles, et informent ensuite les parents des d\u00e9cisions prises.\n<br><br>\nN\u2019h\u00e9sitez pas \u00e0 les contacter pour toute question concernant la vie de l\u2019\u00e9cole.\n<\/div>\n<br>\n\n\n\n<p class=\"has-text-color has-link-color wp-elements-69d2dd066e136efa298caf182c6a50ac\" style=\"color:#08a1dd\"><strong>Ecole Maternelle<\/strong> :<\/p>\n\n\n\n<br>\n<div class=\"grid\">\n\n  <div class=\"member-card\">\n    <figure><img decoding=\"async\" class=\"member-photo\" src=\"\/wp-content\/uploads\/2026\/02\/DOUVILLEE-Pierre.jpg\" alt=\"Pierre Douville\"><\/figure><div class=\"member-left\">\n      \n    <\/div>\n    <div class=\"member-right\">\n      <div class=\"member-name\">Pierre DOUVILLE<\/div>\n      <div class=\"member-role\">Titulaire<\/div>\n    <\/div>\n  <\/div>\n\n  <div class=\"member-card\">\n    <figure><img decoding=\"async\" class=\"member-photo\" src=\"\/wp-content\/uploads\/2026\/02\/anonyme.jpg\" alt=\"Baptiste Buosi\"><\/figure><div class=\"member-left\">\n      \n    <\/div>\n    <div class=\"member-right\">\n      <div class=\"member-name\">B.B<\/div>\n      <div class=\"member-role\">Titulaire<\/div>\n    <\/div>\n  <\/div>\n\n  <div class=\"member-card\">\n    <figure><img decoding=\"async\" class=\"member-photo\" src=\"\/wp-content\/uploads\/2026\/02\/MAZZOLA-BEAUFORT-Adeline.jpeg\" alt=\"Adeline MAZZOLA\"><\/figure><div class=\"member-left\">\n      \n    <\/div>\n    <div class=\"member-right\">\n      <div class=\"member-name\">Adeline MAZZOLA<\/div>\n      <div class=\"member-role\">Titulaire<\/div>\n    <\/div>\n  <\/div>\n\n  <div class=\"member-card\">\n    <figure>\n<img decoding=\"async\" class=\"member-photo\"\n     src=\"https:\/\/alpeh.fr\/wp-content\/uploads\/2026\/02\/estelle-meallet.jpg\"\n     alt=\"Estelle Meallet\">\n<\/figure><div class=\"member-left\">\n      \n    <\/div>\n    <div class=\"member-right\">\n      <div class=\"member-name\">Estelle MEALLET<\/div>\n      <div class=\"member-role\">Titulaire<\/div>\n    <\/div>\n  <\/div>\n\n<\/div>\n\n<br>\n<br>\n<div class=\"grid\">\n\n  <div class=\"member-card\">\n    <figure><img decoding=\"async\" class=\"member-photo\" src=\"\/wp-content\/uploads\/2026\/02\/Piovesan-Woehling-Camille.jpg\" alt=\"Camille PIOVESAN-WOEHLING\"><\/figure><div class=\"member-left\">\n      \n    <\/div>\n    <div class=\"member-right\">\n      <div class=\"member-name\">Camille PIOVESAN-WOEHLING<\/div>\n      <div class=\"member-role\">Suppl\u00e9ante<\/div>\n    <\/div>\n  <\/div>\n\n  <div class=\"member-card\">\n    <figure><img decoding=\"async\" class=\"member-photo\" src=\"\/wp-content\/uploads\/2026\/02\/PLET-Myriam.png\" alt=\"Myriam Plet\"><\/figure><div class=\"member-left\">\n      \n    <\/div>\n    <div class=\"member-right\">\n      <div class=\"member-name\">Myriam PLET<\/div>\n      <div class=\"member-role\">Suppl\u00e9ante<\/div>\n    <\/div>\n  <\/div>\n\n  <div class=\"member-card\">\n    <figure><img decoding=\"async\" class=\"member-photo\" src=\"\/wp-content\/uploads\/2026\/02\/anonyme.jpg\" alt=\"Myriam Demikha\"><\/figure><div class=\"member-left\">\n      \n    <\/div>\n    <div class=\"member-right\">\n      <div class=\"member-name\">M.D<\/div>\n      <div class=\"member-role\">Suppl\u00e9ante<\/div>\n    <\/div>\n  <\/div>\n\n  <div class=\"member-card\">\n    <figure><img decoding=\"async\" class=\"member-photo\" src=\"\/wp-content\/uploads\/2026\/02\/BOUSQUET-Sabrine.jpg\" alt=\"Sabrine Bousquet\"><\/figure><div class=\"member-left\">\n      \n    <\/div>\n    <div class=\"member-right\">\n      <div class=\"member-name\">Sabrine BOUSQUET<\/div>\n      <div class=\"member-role\">Suppl\u00e9ante<\/div>\n    <\/div>\n  <\/div>\n\n<\/div>\n<br>\n<br>\n\n\n\n<p class=\"has-text-color has-link-color wp-elements-7ea5a65c119659c458286238caeb6700\" style=\"color:#08a1dd\"><strong>Ecole El\u00e9mentaire<\/strong> : <\/p>\n\n\n\n<br>\n<div class=\"grid\">\n\n  <div class=\"member-card\">\n    <figure><img decoding=\"async\" class=\"member-photo\" src=\"\/wp-content\/uploads\/2026\/02\/LAFITTE-Virginie.jpg\" alt=\"Virginie Lafitte\"><\/figure><div class=\"member-left\">\n      \n    <\/div>\n    <div class=\"member-right\">\n      <div class=\"member-name\">Virginie LAFITTE<\/div>\n      <div class=\"member-role\">Titulaire<\/div>\n    <\/div>\n  <\/div>\n\n  <div class=\"member-card\">\n    <figure><img decoding=\"async\" class=\"member-photo\" src=\"\/wp-content\/uploads\/2026\/02\/FORGET-Anneclaire.jpg\" alt=\"Anneclaire Forget\"><\/figure><div class=\"member-left\">\n      \n    <\/div>\n    <div class=\"member-right\">\n      <div class=\"member-name\">Anneclaire FORGET<\/div>\n      <div class=\"member-role\">Titulaire<\/div>\n    <\/div>\n  <\/div>\n\n  <div class=\"member-card\">\n    <figure><img decoding=\"async\" class=\"member-photo\" src=\"\/wp-content\/uploads\/2026\/02\/TOURDES-Olivier.jpg\" alt=\"Olivier Tourdes\"><\/figure><div class=\"member-left\">\n      \n    <\/div>\n    <div class=\"member-right\">\n      <div class=\"member-name\">Olivier TOURDES<\/div>\n      <div class=\"member-role\">Titulaire<\/div>\n    <\/div>\n  <\/div>\n\n  <div class=\"member-card\">\n    <figure>\n<img decoding=\"async\" class=\"member-photo\"\n     src=\"https:\/\/alpeh.fr\/wp-content\/uploads\/2026\/02\/LAHALLE-Lysian.jpg\"\n     alt=\"Lysian Lahalle\">\n<\/figure><div class=\"member-left\">\n      \n    <\/div>\n    <div class=\"member-right\">\n      <div class=\"member-name\">Lysian LAHALLE<\/div>\n      <div class=\"member-role\">Titulaire<\/div>\n    <\/div>\n  <\/div>\n\n<\/div>\n\n<br>\n<br>\n<div class=\"grid\">\n\n  <div class=\"member-card\">\n    <figure><img decoding=\"async\" class=\"member-photo\" src=\"\/wp-content\/uploads\/2026\/02\/MAZZOLA-BEAUFORT-Adeline.jpeg\" alt=\"Adeline Mazzola\"><\/figure><div class=\"member-left\">\n      \n    <\/div>\n    <div class=\"member-right\">\n      <div class=\"member-name\">Adeline MAZZOLA<\/div>\n      <div class=\"member-role\">Titulaire<\/div>\n    <\/div>\n  <\/div>\n\n  <div class=\"member-card\">\n    <figure><img decoding=\"async\" class=\"member-photo\" src=\"\/wp-content\/uploads\/2026\/02\/CRAVAGEOT-Anne-Claire.jpg\" alt=\"Anne-Claire CRAVAGEOT\"><\/figure><div class=\"member-left\">\n      \n    <\/div>\n    <div class=\"member-right\">\n      <div class=\"member-name\">Anne-Claire CRAVAGEOT<\/div>\n      <div class=\"member-role\">Titulaire<\/div>\n    <\/div>\n  <\/div>\n\n  <div class=\"member-card\">\n    <figure><img decoding=\"async\" class=\"member-photo\" src=\"\/wp-content\/uploads\/2026\/02\/LHOMEL-Julie.jpg\" alt=\"Julie Lhomel\"><\/figure><div class=\"member-left\">\n      \n    <\/div>\n    <div class=\"member-right\">\n      <div class=\"member-name\">Julie LHOMEL<\/div>\n      <div class=\"member-role\">Suppl\u00e9ante<\/div>\n    <\/div>\n  <\/div>\n\n  <div class=\"member-card\">\n    <figure>\n<img decoding=\"async\" class=\"member-photo\"\n     src=\"https:\/\/alpeh.fr\/wp-content\/uploads\/2026\/02\/ROUSSELIN-Stephane.jpeg\"\n     alt=\"St\u00e9phane ROUSSELIN\">\n<\/figure><div class=\"member-left\">\n      \n    <\/div>\n    <div class=\"member-right\">\n      <div class=\"member-name\">St\u00e9phane ROUSSELIN<\/div>\n      <div class=\"member-role\">Suppl\u00e9ant<\/div>\n    <\/div>\n  <\/div>\n\n<\/div>\n\n<br>\n<br>\n<div class=\"grid\">\n\n  <div class=\"member-card\">\n    <figure><img decoding=\"async\" class=\"member-photo\" src=\"\/wp-content\/uploads\/2026\/02\/anonyme.jpg\" alt=\"Viviane CLAUZEL\"><\/figure><div class=\"member-left\">\n      \n    <\/div>\n    <div class=\"member-right\">\n      <div class=\"member-name\">V.C<\/div>\n      <div class=\"member-role\">Suppl\u00e9ante<\/div>\n    <\/div>\n  <\/div>\n\n  <div class=\"member-card\">\n    <figure><img decoding=\"async\" class=\"member-photo\" src=\"\/wp-content\/uploads\/2026\/02\/anonyme.jpg\" alt=\"Myriam DEMIKHA\"><\/figure><div class=\"member-left\">\n      \n    <\/div>\n    <div class=\"member-right\">\n      <div class=\"member-name\">M.D<\/div>\n      <div class=\"member-role\">Suppl\u00e9ante<\/div>\n    <\/div>\n  <\/div>\n\n  <div class=\"member-card\">\n    <figure><img decoding=\"async\" class=\"member-photo\" src=\"\/wp-content\/uploads\/2026\/02\/DESTISON-Elise.jpg\" alt=\"Elise Destison\"><\/figure><div class=\"member-left\">\n      \n    <\/div>\n    <div class=\"member-right\">\n      <div class=\"member-name\">Elise DESTISON<\/div>\n      <div class=\"member-role\">Suppl\u00e9ante<\/div>\n    <\/div>\n  <\/div>\n\n  <div class=\"member-card\">\n    <figure><img decoding=\"async\" class=\"member-photo\" src=\"\/wp-content\/uploads\/2026\/02\/PLET-Myriam.png\" alt=\"Myriem Plet\"><\/figure><div class=\"member-left\">\n      \n    <\/div>\n    <div class=\"member-right\">\n      <div class=\"member-name\">Myriam PLET<\/div>\n      <div class=\"member-role\">Suppl\u00e9ante<\/div>\n    <\/div>\n  <\/div>\n\n<\/div>\n","protected":false},"excerpt":{"rendered":"<p>Les repr\u00e9sentants de parents Les repr\u00e9sentants de parents d\u2019\u00e9l\u00e8ves \u00e9lus si\u00e8gent aux conseils d\u2019\u00e9cole. Ils relayent les questions et remarques des familles, et informent ensuite les parents des d\u00e9cisions prises. N\u2019h\u00e9sitez pas \u00e0 les contacter pour toute question concernant la vie de l\u2019\u00e9cole. Ecole Maternelle : Pierre DOUVILLE Titulaire B.B Titulaire Adeline MAZZOLA Titulaire Estelle [&hellip;]<\/p>\n","protected":false},"author":1,"featured_media":0,"parent":0,"menu_order":0,"comment_status":"closed","ping_status":"closed","template":"page-elus.php","meta":{"footnotes":""},"class_list":["post-65","page","type-page","status-publish","hentry"],"_links":{"self":[{"href":"https:\/\/alpeh.fr\/index.php\/wp-json\/wp\/v2\/pages\/65","targetHints":{"allow":["GET"]}}],"collection":[{"href":"https:\/\/alpeh.fr\/index.php\/wp-json\/wp\/v2\/pages"}],"about":[{"href":"https:\/\/alpeh.fr\/index.php\/wp-json\/wp\/v2\/types\/page"}],"author":[{"embeddable":true,"href":"https:\/\/alpeh.fr\/index.php\/wp-json\/wp\/v2\/users\/1"}],"replies":[{"embeddable":true,"href":"https:\/\/alpeh.fr\/index.php\/wp-json\/wp\/v2\/comments?post=65"}],"version-history":[{"count":34,"href":"https:\/\/alpeh.fr\/index.php\/wp-json\/wp\/v2\/pages\/65\/revisions"}],"predecessor-version":[{"id":468,"href":"https:\/\/alpeh.fr\/index.php\/wp-json\/wp\/v2\/pages\/65\/revisions\/468"}],"wp:attachment":[{"href":"https:\/\/alpeh.fr\/index.php\/wp-json\/wp\/v2\/media?parent=65"}],"curies":[{"name":"wp","href":"https:\/\/api.w.org\/{rel}","templated":true}]}}