{"id":36,"date":"2026-02-13T15:57:25","date_gmt":"2026-02-13T15:57:25","guid":{"rendered":"https:\/\/alpeh.fr\/?page_id=36"},"modified":"2026-03-10T16:54:11","modified_gmt":"2026-03-10T15:54:11","slug":"les-membres-du-bureau","status":"publish","type":"page","link":"https:\/\/alpeh.fr\/index.php\/les-membres-du-bureau\/","title":{"rendered":"Bureau"},"content":{"rendered":"\n<br>\n<h2>Les membres du bureau<\/h2>\n<div class=\"alpeh-box home-wide\">\nLe bureau de l\u2019ALPEH est \u00e9lu chaque ann\u00e9e lors de l\u2019assembl\u00e9e g\u00e9n\u00e9rale. Il coordonne les actions de l\u2019association et assure le lien avec les \u00e9quipes \u00e9ducatives et la mairie.\n<\/div>\n<br>\n<div class=\"grid\">\n\n  <div class=\"member-card\">\n    <figure><img decoding=\"async\" class=\"member-photo\" src=\"\/wp-content\/uploads\/2026\/02\/LAFITTE-Virginie.jpg\" alt=\"Virginie Lafitte\"><\/figure><div class=\"member-left\">\n      <\/div>\n    <div class=\"member-right\">\n      <div class=\"member-name\">Virginie LAFITTE<\/div>\n      <div class=\"member-role\">Pr\u00e9sidente<\/div>\n      <div class=\"member-school\">Parent d\u2019\u00e9l\u00e8ve \u2013 \u00c9cole \u00e9l\u00e9mentaire<\/div>\n    <\/div>\n  <\/div>\n\n  <div class=\"member-card\">\n    <figure><img decoding=\"async\" class=\"member-photo\" src=\"\/wp-content\/uploads\/2026\/02\/DESTISON-Elise.jpg\" alt=\"\u00c9lise Destison\"><\/figure><div class=\"member-left\">\n      \n    <\/div>\n    <div class=\"member-right\">\n      <div class=\"member-name\">\u00c9lise DESTISON<\/div>\n      <div class=\"member-role\">Secr\u00e9taire<\/div>\n      <div class=\"member-school\">Parent d\u2019\u00e9l\u00e8ve \u2013 \u00c9cole \u00e9l\u00e9mentaire<\/div>\n    <\/div>\n  <\/div>\n\n  <div class=\"member-card\">\n    <figure><img decoding=\"async\" class=\"member-photo\" src=\"\/wp-content\/uploads\/2026\/02\/TOURDES-Olivier.jpg\" alt=\"Olivier Tourdes\"><\/figure><div class=\"member-left\">\n      \n    <\/div>\n    <div class=\"member-right\">\n      <div class=\"member-name\">Olivier TOURDES<\/div>\n      <div class=\"member-role\">Tr\u00e9sorier<\/div>\n      <div class=\"member-school\">Parent d\u2019\u00e9l\u00e8ve \u2013 \u00c9cole \u00e9l\u00e9mentaire<\/div>\n    <\/div>\n  <\/div>\n\n<\/div>\n\n<br>\n<br>\n<div class=\"grid\">\n\n  <div class=\"member-card\">\n    <figure><img decoding=\"async\" class=\"member-photo\" src=\"\/wp-content\/uploads\/2026\/02\/CRAVAGEOT-Anne-Claire.jpg\" alt=\"Anne-Claire Cravageot\"><\/figure><div class=\"member-left\">\n      \n    <\/div>\n    <div class=\"member-right\">\n      <div class=\"member-name\">Anne-Claire CRAVAGEOT<\/div>\n      <div class=\"member-role\">Secr\u00e9taire adjointe<\/div>\n      <div class=\"member-school\">Parent d\u2019\u00e9l\u00e8ve \u2013 \u00c9cole \u00e9l\u00e9mentaire et maternelle<\/div>\n    <\/div>\n  <\/div>\n\n  <div class=\"member-card\">\n    <figure><img decoding=\"async\" class=\"member-photo\" src=\"\/wp-content\/uploads\/2026\/02\/LEMEUR-Elodie.jpg\" alt=\"\u00c9lodie Le Meur\"><\/figure><div class=\"member-left\">\n      \n    <\/div>\n    <div class=\"member-right\">\n      <div class=\"member-name\">Elodie LE MEUR<\/div>\n      <div class=\"member-role\">Secr\u00e9taire adjointe<\/div>\n      <div class=\"member-school\">Parent d\u2019\u00e9l\u00e8ve \u2013 \u00c9cole \u00e9l\u00e9mentaire<\/div>\n    <\/div>\n  <\/div>\n\n  <div class=\"member-card\">\n    <figure><img decoding=\"async\" class=\"member-photo\" src=\"\/wp-content\/uploads\/2026\/02\/LHOMEL-Julie.jpg\" alt=\"Julie Lhomel\"><\/figure><div class=\"member-left\">\n      \n    <\/div>\n    <div class=\"member-right\">\n      <div class=\"member-name\">Julie LHOMEL<\/div>\n      <div class=\"member-role\">Responsable communication<\/div>\n      <div class=\"member-school\">Parent d\u2019\u00e9l\u00e8ve \u2013 \u00c9cole \u00e9l\u00e9mentaire<\/div>\n    <\/div>\n  <\/div>\n\n<\/div>\n\n\n\n<p><\/p>\n","protected":false},"excerpt":{"rendered":"<p>Les membres du bureau Le bureau de l\u2019ALPEH est \u00e9lu chaque ann\u00e9e lors de l\u2019assembl\u00e9e g\u00e9n\u00e9rale. Il coordonne les actions de l\u2019association et assure le lien avec les \u00e9quipes \u00e9ducatives et la mairie. Virginie LAFITTE Pr\u00e9sidente Parent d\u2019\u00e9l\u00e8ve \u2013 \u00c9cole \u00e9l\u00e9mentaire \u00c9lise DESTISON Secr\u00e9taire Parent d\u2019\u00e9l\u00e8ve \u2013 \u00c9cole \u00e9l\u00e9mentaire Olivier TOURDES Tr\u00e9sorier Parent d\u2019\u00e9l\u00e8ve \u2013 [&hellip;]<\/p>\n","protected":false},"author":1,"featured_media":0,"parent":0,"menu_order":0,"comment_status":"closed","ping_status":"closed","template":"page-elus.php","meta":{"footnotes":""},"class_list":["post-36","page","type-page","status-publish","hentry"],"_links":{"self":[{"href":"https:\/\/alpeh.fr\/index.php\/wp-json\/wp\/v2\/pages\/36","targetHints":{"allow":["GET"]}}],"collection":[{"href":"https:\/\/alpeh.fr\/index.php\/wp-json\/wp\/v2\/pages"}],"about":[{"href":"https:\/\/alpeh.fr\/index.php\/wp-json\/wp\/v2\/types\/page"}],"author":[{"embeddable":true,"href":"https:\/\/alpeh.fr\/index.php\/wp-json\/wp\/v2\/users\/1"}],"replies":[{"embeddable":true,"href":"https:\/\/alpeh.fr\/index.php\/wp-json\/wp\/v2\/comments?post=36"}],"version-history":[{"count":22,"href":"https:\/\/alpeh.fr\/index.php\/wp-json\/wp\/v2\/pages\/36\/revisions"}],"predecessor-version":[{"id":259,"href":"https:\/\/alpeh.fr\/index.php\/wp-json\/wp\/v2\/pages\/36\/revisions\/259"}],"wp:attachment":[{"href":"https:\/\/alpeh.fr\/index.php\/wp-json\/wp\/v2\/media?parent=36"}],"curies":[{"name":"wp","href":"https:\/\/api.w.org\/{rel}","templated":true}]}}