{"id":21,"date":"2026-02-13T14:30:28","date_gmt":"2026-02-13T14:30:28","guid":{"rendered":"https:\/\/alpeh.fr\/?page_id=21"},"modified":"2026-04-20T15:10:55","modified_gmt":"2026-04-20T13:10:55","slug":"accueil","status":"publish","type":"page","link":"https:\/\/alpeh.fr\/","title":{"rendered":"L&rsquo;association"},"content":{"rendered":"\n<div class=\"home-grid\">\r\n\r\n  <div class=\"home-left\">\r\n    <h1 class=\"alpeh-title\">\r\n<br>\r\n\r\n <strong>Une association ouverte \u00e0 tous, \r\n<br> pour faire vivre l&rsquo;\u00e9cole<\/strong>\r\n      \r\n\r\n    <\/h1>\r\n\r\n    <p>\r\n<br>\r\n<br>\r\n      <strong>L\u2019ALPEH<\/strong> rassemble les parents d\u2019\u00e9l\u00e8ves des \u00e9coles d\u2019H\u00e9ricy\r\n      (\u00e9cole maternelle<em class=\"alpeh-pink\"><strong> Les Petits H\u00e9rissons<\/strong><\/em> et \u00e9cole \u00e9l\u00e9mentaire <em class=\"alpeh-pink\"><strong>Jean Carcy<\/strong><\/em>).\r\n<br>\r\n      Ouverte \u00e0 tous, elle permet aux parents de <strong class=\"alpeh-pink\">se rencontrer<\/strong>, <strong class=\"alpeh-pink\">s\u2019informer<\/strong>,\r\n      <strong class=\"alpeh-pink\">\u00e9changer<\/strong> et <strong class=\"alpeh-pink\">participer \u00e0 la vie scolaire<\/strong> afin de d\u00e9fendre l\u2019int\u00e9r\u00eat des enfants.\r\n    <\/p>\r\n\r\n    <p>\r\n      La cotisation annuelle est de <strong class=\"alpeh-purple\">5 \u20ac par parent<\/strong>\r\n      pour l\u2019ann\u00e9e scolaire 2025 \/ 2026.\r\n    <\/p>\r\n<br>\r\n<br>\r\n\r\n  <h2 class=\"alpeh-purple\">Qui peut devenir membre ?<\/h2>\r\n\r\n  <p>Toute personne ayant au moins un enfant scolaris\u00e9 dans une \u00e9cole d\u2019H\u00e9ricy peut devenir membre de l\u2019ALPEH.<\/p>\r\n\r\n  <p>\r\n    L\u2019adh\u00e9sion peut se faire directement en ligne :\r\n    <a href=\"https:\/\/www.helloasso.com\/associations\/association-laique-des-parents-d-eleves-des-ecoles-publiques-d-hericy\/adhesions\/adhesion-alpeh-2025-2026\" class=\"alpeh-blue\" target=\"_blank\" rel=\"noopener\">\r\n      cliquez ici pour adh\u00e9rer via HelloAsso\r\n    <\/a>\r\n  <\/p>\r\n\r\n  <p>Vous pouvez \u00e9galement adh\u00e9rer lors de nos permanences, \u00e9v\u00e9nements, ou par l\u2019interm\u00e9diaire des membres du bureau.<\/p>\r\n  <\/div>\n\n\n\n<div class=\"home-right\">\n\n<section class=\"alpeh-highlight\">\n  <div class=\"alpeh-highlight-inner\">\n\n    <!-- TEXTE -->\n<div class=\"alpeh-highlight-content\">\n <span class=\"alpeh-highlight-badge\">\u00c0 la une<\/span>\n\n    <p>\ud83d\udce2 <strong> Assembl\u00e9e G\u00e9n\u00e9rale de l\u2019ALPEH  <\/strong> <\/p>\n\n  <p class=\"ag-intro\">\n    Un moment cl\u00e9 pour faire le bilan de l\u2019ann\u00e9e et construire ensemble les projets \u00e0 venir.\n  <\/p>\n\n  <div class=\"ag-infos\">\n    <div class=\"ag-item\">\n      <span class=\"ag-icon\">\ud83d\udcc5<\/span>\n      <span><strong>Date :<\/strong> Mardi 30 juin 2026<\/span>\n    <\/div>\n    <div class=\"ag-item\">\n      <span class=\"ag-icon\">\u23f0<\/span>\n      <span><strong>Heure :<\/strong> 19h<\/span>\n    <\/div>\n    <div class=\"ag-item\">\n      <span class=\"ag-icon\">\ud83d\udccd<\/span>\n      <span><strong>Lieu :<\/strong> Maison des associations<\/span>\n    <\/div>\n  <\/div>\n\n  <div class=\"ag-points\">\n    <div class=\"ag-point\">\ud83d\udcca Bilan de l\u2019ann\u00e9e<\/div>\n    <div class=\"ag-point\">\ud83d\udca1 Projets \u00e0 venir<\/div>\n    <div class=\"ag-point\">\ud83d\uddf3\ufe0f \u00c9lection du bureau<\/div>\n    <div class=\"ag-point\">&#8230;<\/div>\n  <\/div>\n\n  <p class=\"ag-footer\">\n    \ud83d\udc49 Votre pr\u00e9sence est essentielle pour faire vivre l\u2019association !\n  <\/p>\n\n<hr class=\"alpeh-divider-strong\">\n\n\n  <p>\ud83c\udfac\u2728 <strong>Une premi\u00e8re \u00e9dition r\u00e9ussie !<\/strong> \u2728\ud83c\udfac<\/p>\n<br>\n  <p>\n    Un immense merci \u00e0 la <strong>Mairie d\u2019H\u00e9ricy<\/strong> \ud83c\udfdb\ufe0f,\n    \u00e0 <strong>La Colombe des Aidants<\/strong> \ud83e\udd1d\n    et \u00e0 tous les b\u00e9n\u00e9voles \ud83d\udcaa\n    pour avoir fait de cette F\u00eate du Court-M\u00e9trage h\u00e9ric\u00e9enne\n    un v\u00e9ritable succ\u00e8s !\n  <\/p>\n\n  <p>\n    \ud83d\udc68\u200d\ud83d\udc69\u200d\ud83d\udc67\u200d\ud83d\udc66 Plus de 400 participants<br>\n    \ud83c\udfa5 Des s\u00e9ances pleines d\u2019\u00e9motion et de d\u00e9couvertes<br>\n    \ud83c\udf7f Une ambiance conviviale du d\u00e9but \u00e0 la fin\n  <\/p>\n\n  <p>\n    \u2764\ufe0f Une belle aventure collective\u2026 et d\u00e9j\u00e0 des id\u00e9es pour faire encore mieux l\u2019an prochain !\n  <\/p>\n\n\n      <a href=\"\/?p=431\" class=\"alpeh-highlight-btn\">\n        En savoir plus \u2192\n      <\/a>\n    <\/div>\n\n   \n\n\n    <\/div>\n\n    \n<\/section>\n<\/div>\n<\/div> <!--pour fermer le tableau commenc\u00e9 dans le bloc du haut-->\n\n\n\n<div class=\"alpeh-box\">\r\n      <h2 class=\"alpeh-purple\">Pourquoi adh\u00e9rer ?<\/h2>\r\n      <ul>\r\n        <li>Assister \u00e0 l\u2019assembl\u00e9e g\u00e9n\u00e9rale et <strong class=\"alpeh-pink\">\u00e9lire le bureau<\/strong>.<\/li>\r\n        <li>\u00catre inform\u00e9 de nos <strong class=\"alpeh-pink\">actions<\/strong> et des sujets concernant la vie scolaire.<\/li>\r\n        <li>Participer aux <strong class=\"alpeh-pink\">r\u00e9unions et \u00e9v\u00e9nements<\/strong> que nous organisons.<\/li>\r\n        <li>Soutenir les <strong class=\"alpeh-pink\">projets des \u00e9coles<\/strong> (sorties, mat\u00e9riel, animations\u2026).<\/li>\r\n      <\/ul>\r\n      <p>L\u2019ALPEH a besoin de votre soutien, mais aussi de vos <strong class=\"alpeh-pink\">id\u00e9es<\/strong> et de votre aide !<\/p>\r\n    <\/div>\n","protected":false},"excerpt":{"rendered":"<p>Une association ouverte \u00e0 tous, pour faire vivre l&rsquo;\u00e9cole L\u2019ALPEH rassemble les parents d\u2019\u00e9l\u00e8ves des \u00e9coles d\u2019H\u00e9ricy (\u00e9cole maternelle Les Petits H\u00e9rissons et \u00e9cole \u00e9l\u00e9mentaire Jean Carcy). Ouverte \u00e0 tous, elle permet aux parents de se rencontrer, s\u2019informer, \u00e9changer et participer \u00e0 la vie scolaire afin de d\u00e9fendre l\u2019int\u00e9r\u00eat des enfants. La cotisation annuelle est [&hellip;]<\/p>\n","protected":false},"author":1,"featured_media":0,"parent":0,"menu_order":0,"comment_status":"closed","ping_status":"closed","template":"front-page.php","meta":{"footnotes":""},"class_list":["post-21","page","type-page","status-publish","hentry"],"_links":{"self":[{"href":"https:\/\/alpeh.fr\/index.php\/wp-json\/wp\/v2\/pages\/21","targetHints":{"allow":["GET"]}}],"collection":[{"href":"https:\/\/alpeh.fr\/index.php\/wp-json\/wp\/v2\/pages"}],"about":[{"href":"https:\/\/alpeh.fr\/index.php\/wp-json\/wp\/v2\/types\/page"}],"author":[{"embeddable":true,"href":"https:\/\/alpeh.fr\/index.php\/wp-json\/wp\/v2\/users\/1"}],"replies":[{"embeddable":true,"href":"https:\/\/alpeh.fr\/index.php\/wp-json\/wp\/v2\/comments?post=21"}],"version-history":[{"count":41,"href":"https:\/\/alpeh.fr\/index.php\/wp-json\/wp\/v2\/pages\/21\/revisions"}],"predecessor-version":[{"id":466,"href":"https:\/\/alpeh.fr\/index.php\/wp-json\/wp\/v2\/pages\/21\/revisions\/466"}],"wp:attachment":[{"href":"https:\/\/alpeh.fr\/index.php\/wp-json\/wp\/v2\/media?parent=21"}],"curies":[{"name":"wp","href":"https:\/\/api.w.org\/{rel}","templated":true}]}}