{"id":199,"date":"2026-02-16T09:33:57","date_gmt":"2026-02-16T08:33:57","guid":{"rendered":"https:\/\/alpeh.fr\/?page_id=199"},"modified":"2026-04-15T11:27:20","modified_gmt":"2026-04-15T09:27:20","slug":"galerie","status":"publish","type":"page","link":"https:\/\/alpeh.fr\/index.php\/galerie\/","title":{"rendered":"Galerie"},"content":{"rendered":"\n<p><\/p>\n\n\n\n<blockquote class=\"wp-block-quote is-layout-flow wp-block-quote-is-layout-flow\">\n<p>Festival du court m\u00e9trage &#8211; du 26 au 28 mars 2026<\/p>\n<\/blockquote>\n\n\n\n<div class=\"wp-block-envira-envira-gallery\"><div id=\"envira-gallery-wrap-342\" class=\"envira-gallery-wrap envira-gallery-theme-base envira-lightbox-theme-base\" itemscope itemtype=\"https:\/\/schema.org\/ImageGallery\"><div data-row-height=\"150\" data-gallery-theme=\"normal\" id=\"envira-gallery-342\" class=\"envira-gallery-public envira-gallery-justified-public envira-gallery-0-columns envira-clear enviratope envira-gallery-css-animations\" data-envira-columns=\"0\"><div id=\"envira-gallery-item-365\" class=\"envira-gallery-item enviratope-item envira-gallery-item-1 envira-lazy-load\" style=\"padding-left: 1px; padding-bottom: 1px; padding-right: 1px;\"  itemscope itemtype=\"https:\/\/schema.org\/ImageObject\"><div class=\"envira-gallery-item-inner\"><div class=\"envira-gallery-position-overlay  envira-gallery-top-left\"><\/div><div class=\"envira-gallery-position-overlay  envira-gallery-top-right\"><\/div><div class=\"envira-gallery-position-overlay  envira-gallery-bottom-left\"><\/div><div class=\"envira-gallery-position-overlay  envira-gallery-bottom-right\"><\/div><a href=\"https:\/\/alpeh.fr\/wp-content\/uploads\/2026\/04\/CourtMetrage1-1.jpg\" class=\"envira-gallery-342 envira-gallery-link\" rel=\"enviragallery342\" title=\"CourtMetrage1\" data-envira-caption=\"CourtMetrage1\" data-envira-retina=\"\" data-thumbnail=\"\"  itemprop=\"contentUrl\"><img decoding=\"async\" id=\"envira-gallery-image-365\" class=\"envira-gallery-image envira-gallery-image-1 envira-normal envira-lazy\" data-envira-index=\"1\" src=\"https:\/\/alpeh.fr\/wp-content\/uploads\/2026\/04\/CourtMetrage1-1-724x1024-640x480.jpg\" data-envira-src=\"https:\/\/alpeh.fr\/wp-content\/uploads\/2026\/04\/CourtMetrage1-1-724x1024-640x480.jpg\" data-envira-gallery-id=\"342\" data-envira-item-id=\"365\" data-envira-caption=\"CourtMetrage1\" alt=\"\" title=\"CourtMetrage1\"  itemprop=\"thumbnailUrl\" data-envira-srcset=\"https:\/\/alpeh.fr\/wp-content\/uploads\/2026\/04\/CourtMetrage1-1-724x1024-640x480.jpg 400w,https:\/\/alpeh.fr\/wp-content\/uploads\/2026\/04\/CourtMetrage1-1-724x1024-640x480.jpg 2x\" data-envira-width=\"212\" data-envira-height=\"300\" srcset=\"data:image\/gif;base64,R0lGODlhAQABAIAAAP\/\/\/\/\/\/\/yH5BAEKAAEALAAAAAABAAEAAAICTAEAOw==\" data-safe-src=\"data:image\/gif;base64,R0lGODlhAQABAIAAAP\/\/\/\/\/\/\/yH5BAEKAAEALAAAAAABAAEAAAICTAEAOw==\" \/><\/a><\/div><\/div><div id=\"envira-gallery-item-360\" class=\"envira-gallery-item enviratope-item envira-gallery-item-2 envira-lazy-load\" style=\"padding-left: 1px; padding-bottom: 1px; padding-right: 1px;\"  itemscope itemtype=\"https:\/\/schema.org\/ImageObject\"><div class=\"envira-gallery-item-inner\"><div class=\"envira-gallery-position-overlay  envira-gallery-top-left\"><\/div><div class=\"envira-gallery-position-overlay  envira-gallery-top-right\"><\/div><div class=\"envira-gallery-position-overlay  envira-gallery-bottom-left\"><\/div><div class=\"envira-gallery-position-overlay  envira-gallery-bottom-right\"><\/div><a href=\"https:\/\/alpeh.fr\/wp-content\/uploads\/2026\/04\/26_03_court_metrage_5-1.jpg\" class=\"envira-gallery-342 envira-gallery-link\" rel=\"enviragallery342\" title=\"26_03_court_metrage_5\" data-envira-caption=\"26_03_court_metrage_5\" data-envira-retina=\"\" data-thumbnail=\"\"  itemprop=\"contentUrl\"><img decoding=\"async\" id=\"envira-gallery-image-360\" class=\"envira-gallery-image envira-gallery-image-2 envira-normal envira-lazy\" data-envira-index=\"2\" src=\"https:\/\/alpeh.fr\/wp-content\/uploads\/2026\/04\/26_03_court_metrage_5-1-768x1024-640x480.jpg\" data-envira-src=\"https:\/\/alpeh.fr\/wp-content\/uploads\/2026\/04\/26_03_court_metrage_5-1-768x1024-640x480.jpg\" data-envira-gallery-id=\"342\" data-envira-item-id=\"360\" data-envira-caption=\"26_03_court_metrage_5\" alt=\"\" title=\"26_03_court_metrage_5\"  itemprop=\"thumbnailUrl\" data-envira-srcset=\"https:\/\/alpeh.fr\/wp-content\/uploads\/2026\/04\/26_03_court_metrage_5-1-768x1024-640x480.jpg 400w,https:\/\/alpeh.fr\/wp-content\/uploads\/2026\/04\/26_03_court_metrage_5-1-768x1024-640x480.jpg 2x\" data-envira-width=\"225\" data-envira-height=\"300\" srcset=\"data:image\/gif;base64,R0lGODlhAQABAIAAAP\/\/\/\/\/\/\/yH5BAEKAAEALAAAAAABAAEAAAICTAEAOw==\" data-safe-src=\"data:image\/gif;base64,R0lGODlhAQABAIAAAP\/\/\/\/\/\/\/yH5BAEKAAEALAAAAAABAAEAAAICTAEAOw==\" \/><\/a><\/div><\/div><div id=\"envira-gallery-item-361\" class=\"envira-gallery-item enviratope-item envira-gallery-item-3 envira-lazy-load\" style=\"padding-left: 1px; padding-bottom: 1px; padding-right: 1px;\"  itemscope itemtype=\"https:\/\/schema.org\/ImageObject\"><div class=\"envira-gallery-item-inner\"><div class=\"envira-gallery-position-overlay  envira-gallery-top-left\"><\/div><div class=\"envira-gallery-position-overlay  envira-gallery-top-right\"><\/div><div class=\"envira-gallery-position-overlay  envira-gallery-bottom-left\"><\/div><div class=\"envira-gallery-position-overlay  envira-gallery-bottom-right\"><\/div><a href=\"https:\/\/alpeh.fr\/wp-content\/uploads\/2026\/04\/26_03_court_metrage_4-1.jpg\" class=\"envira-gallery-342 envira-gallery-link\" rel=\"enviragallery342\" title=\"26_03_court_metrage_4\" data-envira-caption=\"26_03_court_metrage_4\" data-envira-retina=\"\" data-thumbnail=\"\"  itemprop=\"contentUrl\"><img decoding=\"async\" id=\"envira-gallery-image-361\" class=\"envira-gallery-image envira-gallery-image-3 envira-normal envira-lazy\" data-envira-index=\"3\" src=\"https:\/\/alpeh.fr\/wp-content\/uploads\/2026\/04\/26_03_court_metrage_4-1-1024x576-640x480.jpg\" data-envira-src=\"https:\/\/alpeh.fr\/wp-content\/uploads\/2026\/04\/26_03_court_metrage_4-1-1024x576-640x480.jpg\" data-envira-gallery-id=\"342\" data-envira-item-id=\"361\" data-envira-caption=\"26_03_court_metrage_4\" alt=\"\" title=\"26_03_court_metrage_4\"  itemprop=\"thumbnailUrl\" data-envira-srcset=\"https:\/\/alpeh.fr\/wp-content\/uploads\/2026\/04\/26_03_court_metrage_4-1-1024x576-640x480.jpg 400w,https:\/\/alpeh.fr\/wp-content\/uploads\/2026\/04\/26_03_court_metrage_4-1-1024x576-640x480.jpg 2x\" data-envira-width=\"300\" data-envira-height=\"169\" srcset=\"data:image\/gif;base64,R0lGODlhAQABAIAAAP\/\/\/\/\/\/\/yH5BAEKAAEALAAAAAABAAEAAAICTAEAOw==\" data-safe-src=\"data:image\/gif;base64,R0lGODlhAQABAIAAAP\/\/\/\/\/\/\/yH5BAEKAAEALAAAAAABAAEAAAICTAEAOw==\" \/><\/a><\/div><\/div><div id=\"envira-gallery-item-362\" class=\"envira-gallery-item enviratope-item envira-gallery-item-4 envira-lazy-load\" style=\"padding-left: 1px; padding-bottom: 1px; padding-right: 1px;\"  itemscope itemtype=\"https:\/\/schema.org\/ImageObject\"><div class=\"envira-gallery-item-inner\"><div class=\"envira-gallery-position-overlay  envira-gallery-top-left\"><\/div><div class=\"envira-gallery-position-overlay  envira-gallery-top-right\"><\/div><div class=\"envira-gallery-position-overlay  envira-gallery-bottom-left\"><\/div><div class=\"envira-gallery-position-overlay  envira-gallery-bottom-right\"><\/div><a href=\"https:\/\/alpeh.fr\/wp-content\/uploads\/2026\/04\/26_03_court_metrage_3.jpg\" class=\"envira-gallery-342 envira-gallery-link\" rel=\"enviragallery342\" title=\"26_03_court_metrage_3\" data-envira-caption=\"26_03_court_metrage_3\" data-envira-retina=\"\" data-thumbnail=\"\"  itemprop=\"contentUrl\"><img decoding=\"async\" id=\"envira-gallery-image-362\" class=\"envira-gallery-image envira-gallery-image-4 envira-normal envira-lazy\" data-envira-index=\"4\" src=\"https:\/\/alpeh.fr\/wp-content\/uploads\/2026\/04\/26_03_court_metrage_3-1024x768-640x480.jpg\" data-envira-src=\"https:\/\/alpeh.fr\/wp-content\/uploads\/2026\/04\/26_03_court_metrage_3-1024x768-640x480.jpg\" data-envira-gallery-id=\"342\" data-envira-item-id=\"362\" data-envira-caption=\"26_03_court_metrage_3\" alt=\"\" title=\"26_03_court_metrage_3\"  itemprop=\"thumbnailUrl\" data-envira-srcset=\"https:\/\/alpeh.fr\/wp-content\/uploads\/2026\/04\/26_03_court_metrage_3-1024x768-640x480.jpg 400w,https:\/\/alpeh.fr\/wp-content\/uploads\/2026\/04\/26_03_court_metrage_3-1024x768-640x480.jpg 2x\" data-envira-width=\"300\" data-envira-height=\"225\" srcset=\"data:image\/gif;base64,R0lGODlhAQABAIAAAP\/\/\/\/\/\/\/yH5BAEKAAEALAAAAAABAAEAAAICTAEAOw==\" data-safe-src=\"data:image\/gif;base64,R0lGODlhAQABAIAAAP\/\/\/\/\/\/\/yH5BAEKAAEALAAAAAABAAEAAAICTAEAOw==\" \/><\/a><\/div><\/div><div id=\"envira-gallery-item-363\" class=\"envira-gallery-item enviratope-item envira-gallery-item-5 envira-lazy-load\" style=\"padding-left: 1px; padding-bottom: 1px; padding-right: 1px;\"  itemscope itemtype=\"https:\/\/schema.org\/ImageObject\"><div class=\"envira-gallery-item-inner\"><div class=\"envira-gallery-position-overlay  envira-gallery-top-left\"><\/div><div class=\"envira-gallery-position-overlay  envira-gallery-top-right\"><\/div><div class=\"envira-gallery-position-overlay  envira-gallery-bottom-left\"><\/div><div class=\"envira-gallery-position-overlay  envira-gallery-bottom-right\"><\/div><a href=\"https:\/\/alpeh.fr\/wp-content\/uploads\/2026\/04\/26_03_court_metrage_2.jpg\" class=\"envira-gallery-342 envira-gallery-link\" rel=\"enviragallery342\" title=\"26_03_court_metrage_2\" data-envira-caption=\"26_03_court_metrage_2\" data-envira-retina=\"\" data-thumbnail=\"\"  itemprop=\"contentUrl\"><img decoding=\"async\" id=\"envira-gallery-image-363\" class=\"envira-gallery-image envira-gallery-image-5 envira-normal envira-lazy\" data-envira-index=\"5\" src=\"https:\/\/alpeh.fr\/wp-content\/uploads\/2026\/04\/26_03_court_metrage_2-1024x768-640x480.jpg\" data-envira-src=\"https:\/\/alpeh.fr\/wp-content\/uploads\/2026\/04\/26_03_court_metrage_2-1024x768-640x480.jpg\" data-envira-gallery-id=\"342\" data-envira-item-id=\"363\" data-envira-caption=\"26_03_court_metrage_2\" alt=\"\" title=\"26_03_court_metrage_2\"  itemprop=\"thumbnailUrl\" data-envira-srcset=\"https:\/\/alpeh.fr\/wp-content\/uploads\/2026\/04\/26_03_court_metrage_2-1024x768-640x480.jpg 400w,https:\/\/alpeh.fr\/wp-content\/uploads\/2026\/04\/26_03_court_metrage_2-1024x768-640x480.jpg 2x\" data-envira-width=\"300\" data-envira-height=\"225\" srcset=\"data:image\/gif;base64,R0lGODlhAQABAIAAAP\/\/\/\/\/\/\/yH5BAEKAAEALAAAAAABAAEAAAICTAEAOw==\" data-safe-src=\"data:image\/gif;base64,R0lGODlhAQABAIAAAP\/\/\/\/\/\/\/yH5BAEKAAEALAAAAAABAAEAAAICTAEAOw==\" \/><\/a><\/div><\/div><div id=\"envira-gallery-item-364\" class=\"envira-gallery-item enviratope-item envira-gallery-item-6 envira-lazy-load\" style=\"padding-left: 1px; padding-bottom: 1px; padding-right: 1px;\"  itemscope itemtype=\"https:\/\/schema.org\/ImageObject\"><div class=\"envira-gallery-item-inner\"><div class=\"envira-gallery-position-overlay  envira-gallery-top-left\"><\/div><div class=\"envira-gallery-position-overlay  envira-gallery-top-right\"><\/div><div class=\"envira-gallery-position-overlay  envira-gallery-bottom-left\"><\/div><div class=\"envira-gallery-position-overlay  envira-gallery-bottom-right\"><\/div><a href=\"https:\/\/alpeh.fr\/wp-content\/uploads\/2026\/04\/26_03_court_metrage_1-1.jpg\" class=\"envira-gallery-342 envira-gallery-link\" rel=\"enviragallery342\" title=\"26_03_court_metrage_1\" data-envira-caption=\"26_03_court_metrage_1\" data-envira-retina=\"\" data-thumbnail=\"\"  itemprop=\"contentUrl\"><img decoding=\"async\" id=\"envira-gallery-image-364\" class=\"envira-gallery-image envira-gallery-image-6 envira-normal envira-lazy\" data-envira-index=\"6\" src=\"https:\/\/alpeh.fr\/wp-content\/uploads\/2026\/04\/26_03_court_metrage_1-1-768x1024-640x480.jpg\" data-envira-src=\"https:\/\/alpeh.fr\/wp-content\/uploads\/2026\/04\/26_03_court_metrage_1-1-768x1024-640x480.jpg\" data-envira-gallery-id=\"342\" data-envira-item-id=\"364\" data-envira-caption=\"26_03_court_metrage_1\" alt=\"\" title=\"26_03_court_metrage_1\"  itemprop=\"thumbnailUrl\" data-envira-srcset=\"https:\/\/alpeh.fr\/wp-content\/uploads\/2026\/04\/26_03_court_metrage_1-1-768x1024-640x480.jpg 400w,https:\/\/alpeh.fr\/wp-content\/uploads\/2026\/04\/26_03_court_metrage_1-1-768x1024-640x480.jpg 2x\" data-envira-width=\"225\" data-envira-height=\"300\" srcset=\"data:image\/gif;base64,R0lGODlhAQABAIAAAP\/\/\/\/\/\/\/yH5BAEKAAEALAAAAAABAAEAAAICTAEAOw==\" data-safe-src=\"data:image\/gif;base64,R0lGODlhAQABAIAAAP\/\/\/\/\/\/\/yH5BAEKAAEALAAAAAABAAEAAAICTAEAOw==\" \/><\/a><\/div><\/div><div id=\"envira-gallery-item-444\" class=\"envira-gallery-item enviratope-item envira-gallery-item-7 envira-lazy-load\" style=\"padding-left: 1px; padding-bottom: 1px; padding-right: 1px;\"  itemscope itemtype=\"https:\/\/schema.org\/ImageObject\"><div class=\"envira-gallery-item-inner\"><div class=\"envira-gallery-position-overlay  envira-gallery-top-left\"><\/div><div class=\"envira-gallery-position-overlay  envira-gallery-top-right\"><\/div><div class=\"envira-gallery-position-overlay  envira-gallery-bottom-left\"><\/div><div class=\"envira-gallery-position-overlay  envira-gallery-bottom-right\"><\/div><a href=\"https:\/\/alpeh.fr\/wp-content\/uploads\/2026\/04\/20260327_133549-scaled.jpg\" class=\"envira-gallery-342 envira-gallery-link\" rel=\"enviragallery342\" title=\"20260327_133549\" data-envira-caption=\"20260327_133549\" data-envira-retina=\"\" data-thumbnail=\"\"  itemprop=\"contentUrl\"><img decoding=\"async\" id=\"envira-gallery-image-444\" class=\"envira-gallery-image envira-gallery-image-7 envira-normal envira-lazy\" data-envira-index=\"7\" src=\"https:\/\/alpeh.fr\/wp-content\/uploads\/2026\/04\/20260327_133549-1024x462-640x480.jpg\" data-envira-src=\"https:\/\/alpeh.fr\/wp-content\/uploads\/2026\/04\/20260327_133549-1024x462-640x480.jpg\" data-envira-gallery-id=\"342\" data-envira-item-id=\"444\" data-envira-caption=\"20260327_133549\" alt=\"\" title=\"20260327_133549\"  itemprop=\"thumbnailUrl\" data-envira-srcset=\"https:\/\/alpeh.fr\/wp-content\/uploads\/2026\/04\/20260327_133549-1024x462-640x480.jpg 400w,https:\/\/alpeh.fr\/wp-content\/uploads\/2026\/04\/20260327_133549-1024x462-640x480.jpg 2x\" data-envira-width=\"300\" data-envira-height=\"135\" srcset=\"data:image\/gif;base64,R0lGODlhAQABAIAAAP\/\/\/\/\/\/\/yH5BAEKAAEALAAAAAABAAEAAAICTAEAOw==\" data-safe-src=\"data:image\/gif;base64,R0lGODlhAQABAIAAAP\/\/\/\/\/\/\/yH5BAEKAAEALAAAAAABAAEAAAICTAEAOw==\" \/><\/a><\/div><\/div><div id=\"envira-gallery-item-445\" class=\"envira-gallery-item enviratope-item envira-gallery-item-8 envira-lazy-load\" style=\"padding-left: 1px; padding-bottom: 1px; padding-right: 1px;\"  itemscope itemtype=\"https:\/\/schema.org\/ImageObject\"><div class=\"envira-gallery-item-inner\"><div class=\"envira-gallery-position-overlay  envira-gallery-top-left\"><\/div><div class=\"envira-gallery-position-overlay  envira-gallery-top-right\"><\/div><div class=\"envira-gallery-position-overlay  envira-gallery-bottom-left\"><\/div><div class=\"envira-gallery-position-overlay  envira-gallery-bottom-right\"><\/div><a href=\"https:\/\/alpeh.fr\/wp-content\/uploads\/2026\/04\/20260328_110615-scaled.jpg\" class=\"envira-gallery-342 envira-gallery-link\" rel=\"enviragallery342\" title=\"20260328_110615\" data-envira-caption=\"20260328_110615\" data-envira-retina=\"\" data-thumbnail=\"\"  itemprop=\"contentUrl\"><img decoding=\"async\" id=\"envira-gallery-image-445\" class=\"envira-gallery-image envira-gallery-image-8 envira-normal envira-lazy\" data-envira-index=\"8\" src=\"https:\/\/alpeh.fr\/wp-content\/uploads\/2026\/04\/20260328_110615-1024x462-640x480.jpg\" data-envira-src=\"https:\/\/alpeh.fr\/wp-content\/uploads\/2026\/04\/20260328_110615-1024x462-640x480.jpg\" data-envira-gallery-id=\"342\" data-envira-item-id=\"445\" data-envira-caption=\"20260328_110615\" alt=\"\" title=\"20260328_110615\"  itemprop=\"thumbnailUrl\" data-envira-srcset=\"https:\/\/alpeh.fr\/wp-content\/uploads\/2026\/04\/20260328_110615-1024x462-640x480.jpg 400w,https:\/\/alpeh.fr\/wp-content\/uploads\/2026\/04\/20260328_110615-1024x462-640x480.jpg 2x\" data-envira-width=\"300\" data-envira-height=\"135\" srcset=\"data:image\/gif;base64,R0lGODlhAQABAIAAAP\/\/\/\/\/\/\/yH5BAEKAAEALAAAAAABAAEAAAICTAEAOw==\" data-safe-src=\"data:image\/gif;base64,R0lGODlhAQABAIAAAP\/\/\/\/\/\/\/yH5BAEKAAEALAAAAAABAAEAAAICTAEAOw==\" \/><\/a><\/div><\/div><div id=\"envira-gallery-item-446\" class=\"envira-gallery-item enviratope-item envira-gallery-item-9 envira-lazy-load\" style=\"padding-left: 1px; padding-bottom: 1px; padding-right: 1px;\"  itemscope itemtype=\"https:\/\/schema.org\/ImageObject\"><div class=\"envira-gallery-item-inner\"><div class=\"envira-gallery-position-overlay  envira-gallery-top-left\"><\/div><div class=\"envira-gallery-position-overlay  envira-gallery-top-right\"><\/div><div class=\"envira-gallery-position-overlay  envira-gallery-bottom-left\"><\/div><div class=\"envira-gallery-position-overlay  envira-gallery-bottom-right\"><\/div><a href=\"https:\/\/alpeh.fr\/wp-content\/uploads\/2026\/04\/20260327_135943-scaled.jpg\" class=\"envira-gallery-342 envira-gallery-link\" rel=\"enviragallery342\" title=\"20260327_135943\" data-envira-caption=\"20260327_135943\" data-envira-retina=\"\" data-thumbnail=\"\"  itemprop=\"contentUrl\"><img decoding=\"async\" id=\"envira-gallery-image-446\" class=\"envira-gallery-image envira-gallery-image-9 envira-normal envira-lazy\" data-envira-index=\"9\" src=\"https:\/\/alpeh.fr\/wp-content\/uploads\/2026\/04\/20260327_135943-1024x461-640x480.jpg\" data-envira-src=\"https:\/\/alpeh.fr\/wp-content\/uploads\/2026\/04\/20260327_135943-1024x461-640x480.jpg\" data-envira-gallery-id=\"342\" data-envira-item-id=\"446\" data-envira-caption=\"20260327_135943\" alt=\"\" title=\"20260327_135943\"  itemprop=\"thumbnailUrl\" data-envira-srcset=\"https:\/\/alpeh.fr\/wp-content\/uploads\/2026\/04\/20260327_135943-1024x461-640x480.jpg 400w,https:\/\/alpeh.fr\/wp-content\/uploads\/2026\/04\/20260327_135943-1024x461-640x480.jpg 2x\" data-envira-width=\"300\" data-envira-height=\"135\" srcset=\"data:image\/gif;base64,R0lGODlhAQABAIAAAP\/\/\/\/\/\/\/yH5BAEKAAEALAAAAAABAAEAAAICTAEAOw==\" data-safe-src=\"data:image\/gif;base64,R0lGODlhAQABAIAAAP\/\/\/\/\/\/\/yH5BAEKAAEALAAAAAABAAEAAAICTAEAOw==\" \/><\/a><\/div><\/div><\/div><\/div><noscript><img decoding=\"async\" src=\"https:\/\/alpeh.fr\/wp-content\/uploads\/2026\/04\/CourtMetrage1-1.jpg\" alt=\"\" \/><img decoding=\"async\" src=\"https:\/\/alpeh.fr\/wp-content\/uploads\/2026\/04\/26_03_court_metrage_5-1.jpg\" alt=\"\" \/><img decoding=\"async\" src=\"https:\/\/alpeh.fr\/wp-content\/uploads\/2026\/04\/26_03_court_metrage_4-1.jpg\" alt=\"\" \/><img decoding=\"async\" src=\"https:\/\/alpeh.fr\/wp-content\/uploads\/2026\/04\/26_03_court_metrage_3.jpg\" alt=\"\" \/><img decoding=\"async\" src=\"https:\/\/alpeh.fr\/wp-content\/uploads\/2026\/04\/26_03_court_metrage_2.jpg\" alt=\"\" \/><img decoding=\"async\" src=\"https:\/\/alpeh.fr\/wp-content\/uploads\/2026\/04\/26_03_court_metrage_1-1.jpg\" alt=\"\" \/><img decoding=\"async\" src=\"https:\/\/alpeh.fr\/wp-content\/uploads\/2026\/04\/20260327_133549-scaled.jpg\" alt=\"\" \/><img decoding=\"async\" src=\"https:\/\/alpeh.fr\/wp-content\/uploads\/2026\/04\/20260328_110615-scaled.jpg\" alt=\"\" \/><img decoding=\"async\" src=\"https:\/\/alpeh.fr\/wp-content\/uploads\/2026\/04\/20260327_135943-scaled.jpg\" alt=\"\" \/><\/noscript><\/div>\n\n\n\n<blockquote class=\"wp-block-quote is-layout-flow wp-block-quote-is-layout-flow\">\n<p>F\u00eate des \u00e9cole &#8211; 7 septembre 2025<\/p>\n<\/blockquote>\n\n\n\n<div class=\"wp-block-envira-envira-gallery\"><div id=\"envira-gallery-wrap-196\" class=\"envira-gallery-wrap envira-gallery-theme-base envira-lightbox-theme-base\" itemscope itemtype=\"https:\/\/schema.org\/ImageGallery\"><div data-row-height=\"150\" data-gallery-theme=\"normal\" id=\"envira-gallery-196\" class=\"envira-gallery-public envira-gallery-justified-public envira-gallery-0-columns envira-clear enviratope envira-gallery-css-animations\" data-envira-columns=\"0\"><div id=\"envira-gallery-item-198\" class=\"envira-gallery-item enviratope-item envira-gallery-item-1\" style=\"padding-left: 1px; padding-bottom: 1px; padding-right: 1px;\"  itemscope itemtype=\"https:\/\/schema.org\/ImageObject\"><div class=\"envira-gallery-item-inner\"><div class=\"envira-gallery-position-overlay  envira-gallery-top-left\"><\/div><div class=\"envira-gallery-position-overlay  envira-gallery-top-right\"><\/div><div class=\"envira-gallery-position-overlay  envira-gallery-bottom-left\"><\/div><div class=\"envira-gallery-position-overlay  envira-gallery-bottom-right\"><\/div><a href=\"https:\/\/alpeh.fr\/wp-content\/uploads\/2026\/02\/feteEcole1.jpg\" class=\"envira-gallery-196 envira-gallery-link\" rel=\"enviragallery196\" title=\"f&ecirc;te de rentr&eacute;e - 07-09-2025\" data-envira-caption=\"f&ecirc;te de rentr&eacute;e - 07-09-2025\" data-envira-retina=\"\" data-thumbnail=\"\"  itemprop=\"contentUrl\"><img decoding=\"async\" id=\"envira-gallery-image-198\" class=\"envira-gallery-image envira-gallery-image-1 envira-normal \" data-envira-index=\"1\" src=\"https:\/\/alpeh.fr\/wp-content\/uploads\/2026\/02\/feteEcole1-640x480.jpg\" data-envira-src=\"https:\/\/alpeh.fr\/wp-content\/uploads\/2026\/02\/feteEcole1-640x480.jpg\" data-envira-gallery-id=\"196\" data-envira-item-id=\"198\" data-envira-caption=\"f&ecirc;te de rentr&eacute;e - 07-09-2025\" alt=\"\" title=\"f\u00eate de rentr\u00e9e - 07-09-2025\"  itemprop=\"thumbnailUrl\" data-envira-srcset=\"https:\/\/alpeh.fr\/wp-content\/uploads\/2026\/02\/feteEcole1-640x480.jpg 400w,https:\/\/alpeh.fr\/wp-content\/uploads\/2026\/02\/feteEcole1-640x480.jpg 2x\" data-envira-width=\"300\" data-envira-height=\"225\" srcset=\"https:\/\/alpeh.fr\/wp-content\/uploads\/2026\/02\/feteEcole1-1280x960.jpg 2x\" data-safe-src=\"https:\/\/alpeh.fr\/wp-content\/uploads\/2026\/02\/feteEcole1-640x480.jpg\" \/><\/a><\/div><\/div><div id=\"envira-gallery-item-197\" class=\"envira-gallery-item enviratope-item envira-gallery-item-2\" style=\"padding-left: 1px; padding-bottom: 1px; padding-right: 1px;\"  itemscope itemtype=\"https:\/\/schema.org\/ImageObject\"><div class=\"envira-gallery-item-inner\"><div class=\"envira-gallery-position-overlay  envira-gallery-top-left\"><\/div><div class=\"envira-gallery-position-overlay  envira-gallery-top-right\"><\/div><div class=\"envira-gallery-position-overlay  envira-gallery-bottom-left\"><\/div><div class=\"envira-gallery-position-overlay  envira-gallery-bottom-right\"><\/div><a href=\"https:\/\/alpeh.fr\/wp-content\/uploads\/2026\/02\/feteEcole.jpg\" class=\"envira-gallery-196 envira-gallery-link\" rel=\"enviragallery196\" title=\"f&ecirc;te de rentr&eacute;e - 07-09-2025\" data-envira-caption=\"f&ecirc;te de rentr&eacute;e - 07-09-2025\" data-envira-retina=\"\" data-thumbnail=\"\"  itemprop=\"contentUrl\"><img decoding=\"async\" id=\"envira-gallery-image-197\" class=\"envira-gallery-image envira-gallery-image-2 envira-normal \" data-envira-index=\"2\" src=\"https:\/\/alpeh.fr\/wp-content\/uploads\/2026\/02\/feteEcole-640x480.jpg\" data-envira-src=\"https:\/\/alpeh.fr\/wp-content\/uploads\/2026\/02\/feteEcole-640x480.jpg\" data-envira-gallery-id=\"196\" data-envira-item-id=\"197\" data-envira-caption=\"f&ecirc;te de rentr&eacute;e - 07-09-2025\" alt=\"\" title=\"f\u00eate de rentr\u00e9e - 07-09-2025\"  itemprop=\"thumbnailUrl\" data-envira-srcset=\"https:\/\/alpeh.fr\/wp-content\/uploads\/2026\/02\/feteEcole-640x480.jpg 400w,https:\/\/alpeh.fr\/wp-content\/uploads\/2026\/02\/feteEcole-640x480.jpg 2x\" data-envira-width=\"300\" data-envira-height=\"225\" srcset=\"https:\/\/alpeh.fr\/wp-content\/uploads\/2026\/02\/feteEcole-1280x960.jpg 2x\" data-safe-src=\"https:\/\/alpeh.fr\/wp-content\/uploads\/2026\/02\/feteEcole-640x480.jpg\" \/><\/a><\/div><\/div><\/div><\/div><noscript><img decoding=\"async\" src=\"https:\/\/alpeh.fr\/wp-content\/uploads\/2026\/02\/feteEcole1.jpg\" alt=\"\" \/><img decoding=\"async\" src=\"https:\/\/alpeh.fr\/wp-content\/uploads\/2026\/02\/feteEcole.jpg\" alt=\"\" \/><\/noscript><\/div>\n","protected":false},"excerpt":{"rendered":"<p>Festival du court m\u00e9trage &#8211; du 26 au 28 mars 2026 F\u00eate des \u00e9cole &#8211; 7 septembre 2025<\/p>\n","protected":false},"author":1,"featured_media":0,"parent":0,"menu_order":0,"comment_status":"closed","ping_status":"closed","template":"","meta":{"footnotes":""},"class_list":["post-199","page","type-page","status-publish","hentry"],"_links":{"self":[{"href":"https:\/\/alpeh.fr\/index.php\/wp-json\/wp\/v2\/pages\/199","targetHints":{"allow":["GET"]}}],"collection":[{"href":"https:\/\/alpeh.fr\/index.php\/wp-json\/wp\/v2\/pages"}],"about":[{"href":"https:\/\/alpeh.fr\/index.php\/wp-json\/wp\/v2\/types\/page"}],"author":[{"embeddable":true,"href":"https:\/\/alpeh.fr\/index.php\/wp-json\/wp\/v2\/users\/1"}],"replies":[{"embeddable":true,"href":"https:\/\/alpeh.fr\/index.php\/wp-json\/wp\/v2\/comments?post=199"}],"version-history":[{"count":30,"href":"https:\/\/alpeh.fr\/index.php\/wp-json\/wp\/v2\/pages\/199\/revisions"}],"predecessor-version":[{"id":369,"href":"https:\/\/alpeh.fr\/index.php\/wp-json\/wp\/v2\/pages\/199\/revisions\/369"}],"wp:attachment":[{"href":"https:\/\/alpeh.fr\/index.php\/wp-json\/wp\/v2\/media?parent=199"}],"curies":[{"name":"wp","href":"https:\/\/api.w.org\/{rel}","templated":true}]}}